{"id":116,"date":"2024-03-02T16:25:13","date_gmt":"2024-03-02T15:25:13","guid":{"rendered":"https:\/\/psychotherapie-vierhaus.de\/?page_id=116"},"modified":"2024-03-02T16:31:05","modified_gmt":"2024-03-02T15:31:05","slug":"impressum","status":"publish","type":"page","link":"https:\/\/psychotherapie-vierhaus.de\/impressum\/","title":{"rendered":"Impressum"},"content":{"rendered":"\n<h3 class=\"wp-block-heading\">Praxis f\u00fcr Psychotherapie Dr. Sibylle Vierhaus<\/h3>\n\n\n\n<p class=\"wp-block-paragraph\">Obermeiers Feld 1<br>33104 Paderborn<\/p>\n\n\n\n<p class=\"wp-block-paragraph\">Tel:\u00a005254 9212462<\/p>\n\n\n\n<p class=\"wp-block-paragraph\">E-Mail: sibylle@psychotherapie-vierhaus.de<\/p>\n\n\n\n<p class=\"wp-block-paragraph\">Verantwortlich f\u00fcr den Inhalt nach \u00a7 55 Abs. 2 RStV:\u00a0Dr. Sibylle Vierhaus, <em> <\/em>Psychologische Psychotherapeutin (Deutschland)<\/p>\n\n\n\n<p class=\"wp-block-paragraph\">Zust\u00e4ndige Aufsichtsbeh\u00f6rde<br>Kammer f\u00fcr Psychologische Psychotherapeuten und Kinder- und Jugendlichen-psychotherapeuten Nordrhein-Westfalen<\/p>\n\n\n\n<p class=\"wp-block-paragraph\">Willst\u00e4tterstra\u00dfe 10<br>40549 D\u00fcsseldorf<\/p>\n\n\n\n<p class=\"wp-block-paragraph\">Tel.: 0211\/52 28 47-0<br>Fax: 0211\/52 28 47-15<\/p>\n\n\n\n<p class=\"wp-block-paragraph\">info@ptk-nrw.de<\/p>\n\n\n\n<p class=\"wp-block-paragraph\">Berufsrechtliche Regelungen<br><a href=\"https:\/\/www.gesetze-im-internet.de\/psychthg\/BJNR131110998.html\" target=\"_blank\" rel=\"noreferrer noopener\">Gesetz \u00fcber die Berufe des Psychologischen Psychotherapeuten (Psychotherapeutengesetz \u2013 PsychThG)<\/a><a href=\"http:\/\/www.landesrecht-hamburg.de\/jportal\/portal\/page\/bshaprod.psml?showdoccase=1&amp;doc.id=jlr-HKGHArahmen&amp;st=lr\" target=\"_blank\" rel=\"noreferrer noopener\"><br>Hamburgisches Kammergesetz f\u00fcr die Heilberufe (HmbKGH)<\/a><a href=\"http:\/\/www2.ptk-hamburg.de\/uploads\/berufsordnung_2012.pdf\" target=\"_blank\" rel=\"noreferrer noopener\"><br>Berufsordnung der Psychotherapeutenkammer Hamburg<\/a><\/p>\n\n\n\n<p class=\"wp-block-paragraph\"><\/p>\n\n\n\n<h4 class=\"wp-block-heading\">Haftungsausschluss (Disclaimer)<\/h4>\n\n\n\n<p class=\"wp-block-paragraph\"><strong>Haftung f\u00fcr Inhalte<\/strong>&nbsp;Der Seitenbetreiber dieser Seite ist gem\u00e4\u00df \u00a7 7 Abs.1 TMG f\u00fcr eigene Inhalte auf diesen Seiten nach den allgemeinen Gesetzen verantwortlich. Nach \u00a7\u00a7 8 bis 10 TMG ist der Seitenbetreiber dieser Seite jedoch nicht verpflichtet, \u00fcbermittelte oder gespeicherte fremde Informationen zu \u00fcberwachen oder nach Umst\u00e4nden zu forschen, die auf eine rechtswidrige T\u00e4tigkeit hinweisen. Verpflichtungen zur Entfernung oder Sperrung der Nutzung von Informationen nach den allgemeinen Gesetzen bleiben hiervon unber\u00fchrt. Eine diesbez\u00fcgliche Haftung ist jedoch erst ab dem Zeitpunkt der Kenntnis einer konkreten Rechtsverletzung m\u00f6glich. Bei Bekanntwerden von entsprechenden Rechtsverletzungen werden diese Inhalte umgehend entfernt.<\/p>\n\n\n\n<p class=\"wp-block-paragraph\"><strong>Haftung f\u00fcr Links<\/strong>&nbsp;Das Angebot enth\u00e4lt Links zu externen Webseiten Dritter, auf deren Inhalte der Seitenbereiber keinen Einfluss hat. Deshalb kann f\u00fcr diese fremden Inhalte auch keine Gew\u00e4hr durch den Seitenbetreiber dieser Seite \u00fcbernommen werden. F\u00fcr die Inhalte der verlinkten Seiten ist stets der jeweilige Anbieter oder Betreiber der Seiten verantwortlich. Die verlinkten Seiten wurden zum Zeitpunkt der Verlinkung auf&nbsp;m\u00f6gliche Rechtsverst\u00f6\u00dfe \u00fcberpr\u00fcft. Rechtswidrige Inhalte waren zum Zeitpunkt der Verlinkung nicht erkennbar. Eine permanente inhaltliche Kontrolle der verlinkten Seiten ist jedoch ohne konkrete Anhaltspunkte einer Rechtsverletzung nicht zumutbar. Bei Bekanntwerden von Rechtsverletzungen werden derartige Links umgehend entfernt.<\/p>\n\n\n\n<p class=\"wp-block-paragraph\"><strong>Urheberrecht<\/strong>&nbsp;Die durch die Seitenbetreiber erstellten Inhalte und Werke auf diesen Seiten unterliegen dem deutschen Urheberrecht. Die Vervielf\u00e4ltigung, Bearbeitung, Verbreitung und jede Art der Verwertung au\u00dferhalb der Grenzen des Urheberrechtes bed\u00fcrfen der schriftlichen Zustimmung des jeweiligen Autors bzw. Erstellers.<\/p>\n\n\n\n<p class=\"wp-block-paragraph\">Downloads und Kopien dieser Seite sind nur f\u00fcr den privaten, nicht kommerziellen Gebrauch gestattet. Soweit die Inhalte auf dieser Seite nicht vom Seitenbetreiber dieser Seite erstellt wurden, werden die Urheberrechte Dritter beachtet. Insbesondere werden Inhalte Dritter als solche gekennzeichnet. Sollten Sie trotzdem auf eine Urheberrechtsverletzung aufmerksam werden, bitten wir um einen entsprechenden Hinweis. Bei Bekanntwerden von Rechtsverletzungen werden derartige Inhalte umgehend entfernt.<\/p>\n","protected":false},"excerpt":{"rendered":"<p>Praxis f\u00fcr Psychotherapie Dr. Sibylle Vierhaus Obermeiers Feld 133104 Paderborn Tel:\u00a005254 9212462 E-Mail: sibylle@psychotherapie-vierhaus.de Verantwortlich f\u00fcr den Inhalt nach \u00a7 55 Abs. 2 RStV:\u00a0Dr. Sibylle Vierhaus, Psychologische Psychotherapeutin (Deutschland) Zust\u00e4ndige Aufsichtsbeh\u00f6rdeKammer f\u00fcr Psychologische Psychotherapeuten und Kinder- und Jugendlichen-psychotherapeuten Nordrhein-Westfalen Willst\u00e4tterstra\u00dfe 1040549 D\u00fcsseldorf Tel.: 0211\/52 28 47-0Fax: 0211\/52 28 47-15 info@ptk-nrw.de Berufsrechtliche RegelungenGesetz \u00fcber die Berufe &hellip; <\/p>\n<p class=\"link-more\"><a href=\"https:\/\/psychotherapie-vierhaus.de\/impressum\/\" class=\"more-link\"><span class=\"screen-reader-text\">\u201eImpressum\u201c<\/span> weiterlesen<\/a><\/p>\n","protected":false},"author":2,"featured_media":0,"parent":0,"menu_order":0,"comment_status":"closed","ping_status":"closed","template":"","meta":{"_crdt_document":"","footnotes":""},"class_list":["post-116","page","type-page","status-publish","hentry"],"_links":{"self":[{"href":"https:\/\/psychotherapie-vierhaus.de\/wp-json\/wp\/v2\/pages\/116","targetHints":{"allow":["GET"]}}],"collection":[{"href":"https:\/\/psychotherapie-vierhaus.de\/wp-json\/wp\/v2\/pages"}],"about":[{"href":"https:\/\/psychotherapie-vierhaus.de\/wp-json\/wp\/v2\/types\/page"}],"author":[{"embeddable":true,"href":"https:\/\/psychotherapie-vierhaus.de\/wp-json\/wp\/v2\/users\/2"}],"replies":[{"embeddable":true,"href":"https:\/\/psychotherapie-vierhaus.de\/wp-json\/wp\/v2\/comments?post=116"}],"version-history":[{"count":2,"href":"https:\/\/psychotherapie-vierhaus.de\/wp-json\/wp\/v2\/pages\/116\/revisions"}],"predecessor-version":[{"id":119,"href":"https:\/\/psychotherapie-vierhaus.de\/wp-json\/wp\/v2\/pages\/116\/revisions\/119"}],"wp:attachment":[{"href":"https:\/\/psychotherapie-vierhaus.de\/wp-json\/wp\/v2\/media?parent=116"}],"curies":[{"name":"wp","href":"https:\/\/api.w.org\/{rel}","templated":true}]}}